{"id":198,"date":"2019-12-02T10:57:25","date_gmt":"2019-12-02T09:57:25","guid":{"rendered":"https:\/\/ubytovani-schladming-dachstein.cz\/?page_id=198"},"modified":"2019-12-10T14:25:17","modified_gmt":"2019-12-10T13:25:17","slug":"gdpr","status":"publish","type":"page","link":"https:\/\/ubytovani-schladming-dachstein.cz\/index.php\/gdpr\/","title":{"rendered":"GDPR"},"content":{"rendered":"<p>[et_pb_section fb_built=&#8220;1&#8243; _builder_version=&#8220;4.0.2&#8243; background_image=&#8220;https:\/\/ubytovani-schladming-dachstein.cz\/wp-content\/uploads\/2019\/12\/bg14.jpg&#8220; parallax=&#8220;on&#8220; custom_padding=&#8220;13px|||||&#8220;][et_pb_row _builder_version=&#8220;4.0.2&#8243;][et_pb_column type=&#8220;4_4&#8243; _builder_version=&#8220;4.0.2&#8243;][et_pb_text _builder_version=&#8220;4.0.2&#8243; text_font=&#8220;Raleway|300|||||||&#8220; text_text_color=&#8220;#242424&#8243; text_font_size=&#8220;32px&#8220; custom_margin=&#8220;18px||||false|false&#8220; hover_enabled=&#8220;0&#8243;]<\/p>\n<p>Na\u0159\u00edzen\u00ed o ochran\u011b osobn\u00edch \u00fadaj\u016f (GDPR)<\/p>\n<p>[\/et_pb_text][\/et_pb_column][\/et_pb_row][et_pb_row column_structure=&#8220;1_2,1_2&#8243; _builder_version=&#8220;4.0.2&#8243; custom_margin=&#8220;|auto||138px||&#8220;][et_pb_column type=&#8220;1_2&#8243; _builder_version=&#8220;4.0.2&#8243;][et_pb_text _builder_version=&#8220;4.0.2&#8243; text_font=&#8220;Raleway||||||||&#8220; text_text_color=&#8220;#242424&#8243; hover_enabled=&#8220;0&#8243; inline_fonts=&#8220;Raleway&#8220;]<\/p>\n<p><strong><span style=\"font-family: Raleway;\">Spoluprac\u00ed s n\u00e1mi, stejn\u011b jako n\u00e1v\u0161t\u011bvou na\u0161ich str\u00e1nek, n\u00e1m v r\u016fzn\u00e9 m\u00ed\u0159e sv\u011b\u0159ujete sv\u00e9 osobn\u00ed \u00fadaje. P\u0159e\u010dt\u011bte si, jak s nimi zach\u00e1z\u00edme.<\/span><\/strong><\/p>\n<p><strong> 1. Z\u00e1kladn\u00ed ustanoven\u00ed<\/strong><br \/> Spr\u00e1vcem osobn\u00edch \u00fadaj\u016f podle \u010dl. 4 bod 7 na\u0159\u00edzen\u00ed Evropsk\u00e9ho parlamentu a Rady (EU) 2016\/679 o ochran\u011b fyzick\u00fdch osob v souvislosti se zpracov\u00e1n\u00edm osobn\u00edch \u00fadaj\u016f a o voln\u00e9m pohybu t\u011bchto \u00fadaj\u016f (d\u00e1le jen: \u201eGDPR\u201d) je &#8230;. se s\u00eddlem &#8230;. (d\u00e1le jen: \u201espr\u00e1vce\u201c).<\/p>\n<p>Pokud budete pot\u0159ebovat kteroukoliv \u010d\u00e1st textu vysv\u011btlit, poradit anebo projednat dal\u0161\u00ed zpracov\u00e1n\u00ed Va\u0161ich osobn\u00edch \u00fadaj\u016f, m\u016f\u017eete se na n\u00e1s kdykoliv obr\u00e1tit na e-mailov\u00e9 adrese gdpr@ubytovani-schladming-dachstein.cz.<\/p>\n<p><strong>2. Rozsah zpracov\u00e1n\u00ed osobn\u00edch \u00fadaj\u016f<\/strong><br \/> Kdy\u017e n\u00e1s kontaktujete prost\u0159ednictv\u00edm webov\u00fdch str\u00e1nek, po\u017e\u00e1d\u00e1me V\u00e1s o vypln\u011bn\u00ed ur\u010dit\u00fdch \u00fadaj\u016f o sob\u011b. T\u011bmito \u00fadaji jsou zejm\u00e9na Va\u0161e jm\u00e9no, p\u0159\u00edjmen\u00ed a e-mailov\u00e1 adresa.<\/p>\n<p>Na na\u0161ich webov\u00fdch str\u00e1nk\u00e1ch sledujeme aktivitu a chov\u00e1n\u00ed na\u0161ich u\u017eivatel\u016f, a to prost\u0159ednictv\u00edm soubor\u016f cookies. T\u00edmto zp\u016fsobem se dov\u00edd\u00e1me: internetovou dom\u00e9nu, ze kter\u00e9 nav\u0161t\u011bvujete tento web, Va\u0161i IP adresu, typ prohl\u00ed\u017ee\u010de a opera\u010dn\u00ed syst\u00e9m, datum a \u010das nav\u0161t\u00edven\u00ed na\u0161eho webu, str\u00e1nky, kter\u00e9 jste na tomto webu prohl\u00ed\u017eeli, adresu webu, ze kter\u00e9ho jste byli odk\u00e1z\u00e1ni.<\/p>\n<p><strong>3. \u00da\u010del zpracov\u00e1n\u00ed osobn\u00edch \u00fadaj\u016f<\/strong><br \/> \u00dadaje, kter\u00e9 n\u00e1m poskytujete, pou\u017e\u00edv\u00e1me k tomu, abychom V\u00e1s kontaktovali zp\u011bt a poskytli V\u00e1m informace, o kter\u00e9 jste n\u00e1s po\u017e\u00e1dali, nebo pro \u00fa\u010dely pln\u011bn\u00ed na\u0161ich povinnost\u00ed. Ve\u0161ker\u00e9 osobn\u00ed \u00fadaje jsou zpracov\u00e1ny z\u00e1konn\u00fdm a transparentn\u00edm zp\u016fsobem a jsou vy\u017eadov\u00e1ny pouze p\u0159im\u011b\u0159en\u00e9, relevantn\u00ed a nezbytn\u00e9 \u00fadaje ve vztahu k \u00fa\u010delu zpracov\u00e1n\u00ed.<\/p>\n<p>Va\u0161e jm\u00e9no, p\u0159\u00edjmen\u00ed a e-mailovou adresu m\u016f\u017eeme vedle toho vyu\u017e\u00edt k tomu, abychom V\u00e1m zas\u00edlali obchodn\u00ed sd\u011blen\u00ed, tj. abychom V\u00e1s informovali o ud\u00e1lostech, publikac\u00edch, pln\u011bn\u00edch nebo slu\u017eb\u00e1ch, kter\u00e9 poskytujeme a kter\u00e9 by V\u00e1s, podle na\u0161eho n\u00e1zoru, mohly zaj\u00edmat. Poskytnut\u00ed osobn\u00edch \u00fadaj\u016f pro \u00fa\u010dely pln\u011bn\u00ed smlouvy a poskytnut\u00ed osobn\u00edch \u00fadaj\u016f pro \u00fa\u010dely odpov\u011bdi na V\u00e1mi vznesen\u00e9 dotazy nebo V\u00e1mi po\u017eadovan\u00e9 informace jsou na\u0161\u00edm smluvn\u00edm po\u017eadavkem, a jejich neposkytnut\u00ed m\u016f\u017ee b\u00fdt d\u016fsledkem neuzav\u0159en\u00ed smlouvy nebo neposkytnut\u00ed odpov\u011bdi na V\u00e1mi vznesen\u00e9 dotazy.<\/p>\n<p>Zpracov\u00e1n\u00ed Va\u0161ich osobn\u00edch \u00fadaj\u016f za \u00fa\u010delem zas\u00edl\u00e1n\u00ed obchodn\u00edch sd\u011blen\u00ed m\u00e1te pr\u00e1vo kdykoliv odm\u00edtnout a nebude to m\u00edt vliv na na\u0161e jin\u00e9 vz\u00e1jemn\u00e9 vztahy. Jen n\u00e1m po\u0161lete e-mail s p\u0159\u00edslu\u0161nou \u017e\u00e1dost\u00ed na gdpr@ubytovani-schladming-dachstein.cz nebo na jinou adresu, ze kter\u00e9 jste od n\u00e1s obdr\u017eel obchodn\u00ed sd\u011blen\u00ed.<\/p>\n<p><strong>4. Kdo m\u00e1 k Va\u0161im osobn\u00edm \u00fadaj\u016fm p\u0159istup<\/strong><br \/> Va\u0161e osobn\u00ed \u00fadaje zpracov\u00e1v\u00e1me jako spr\u00e1vce my. Va\u0161e osobn\u00ed \u00fadaje m\u016f\u017eeme za v\u00fd\u0161e uveden\u00fdmi \u00fa\u010dely p\u0159edat na\u0161im subdodavatel\u016fm, aby pro n\u00e1s provedli jejich zpracov\u00e1n\u00ed. Osobn\u00ed \u00fadaje mohou b\u00fdt p\u0159ed\u00e1ny: extern\u00ed \u00fa\u010detn\u00ed, extern\u00ed advok\u00e1tn\u00ed kancel\u00e1\u0159i, zpracovatel\u016fm, kte\u0159\u00ed n\u00e1m poskytuj\u00ed serverov\u00e9, webov\u00e9, cloudov\u00e9 nebo IT slu\u017eby, \u010di kte\u0159\u00ed jsou na\u0161imi partnery.<\/p>\n<p>&nbsp;<\/p>\n<p>[\/et_pb_text][\/et_pb_column][et_pb_column type=&#8220;1_2&#8243; _builder_version=&#8220;4.0.2&#8243;][et_pb_text _builder_version=&#8220;4.0.2&#8243; text_text_color=&#8220;#242424&#8243; custom_padding=&#8220;0px|||||&#8220; hover_enabled=&#8220;0&#8243;]<\/p>\n<p><strong>5. Doba zpracov\u00e1n\u00ed osobn\u00edch \u00fadaj\u016f<\/strong><br \/> Va\u0161e osobn\u00ed \u00fadaje budeme zpracov\u00e1vat po dobu, po kterou V\u00e1m budeme poskytovat na\u0161e slu\u017eby \u010di plnit vz\u00e1jemnou smlouvu, nebo po dobu nezbytnou k pln\u011bn\u00ed archiva\u010dn\u00edch povinnost\u00ed podle platn\u00fdch pr\u00e1vn\u00edch p\u0159edpis\u016f, jako jsou nap\u0159\u00edklad z\u00e1kon o \u00fa\u010detnictv\u00ed, z\u00e1kon o archivnictv\u00ed a evidenci nebo z\u00e1kon o dani z p\u0159idan\u00e9 hodnoty.<\/p>\n<p><strong>6. Va\u0161e pr\u00e1va plynouc\u00ed ze zpracov\u00e1n\u00ed osobn\u00edch \u00fadaj\u016f<\/strong><br \/> Ve vztahu k n\u00e1mi prov\u00e1d\u011bn\u00e9mu zpracov\u00e1n\u00ed Va\u0161ich osobn\u00edch \u00fadaj\u016f m\u00e1te n\u00e1sleduj\u00edc\u00ed pr\u00e1va:<\/p>\n<p>pr\u00e1vo na p\u0159\u00edstup k osobn\u00edm \u00fadaj\u016fm (kdykoliv m\u016f\u017eete po\u017e\u00e1dat o na\u0161e potvrzen\u00ed, zda osobn\u00ed \u00fadaje, kter\u00e9 se V\u00e1s t\u00fdkaj\u00ed, jsou \u010di nejsou zpracov\u00e1v\u00e1ny, a pokud jsou, pak za jak\u00fdmi \u00fa\u010dely, v jak\u00e9m rozsahu, komu jsou zp\u0159\u00edstupn\u011bny, jak dlouho je budeme zpracov\u00e1vat, zda m\u00e1te pr\u00e1vo na opravu, v\u00fdmaz, omezen\u00ed zpracov\u00e1n\u00ed \u010di vzn\u00e9st n\u00e1mitku, odkud jsme osobn\u00ed \u00fadaje z\u00edskali a zda doch\u00e1z\u00ed, na z\u00e1klad\u011b zpracov\u00e1n\u00ed Va\u0161ich osobn\u00edch \u00fadaj\u016f, k automatick\u00e9mu rozhodov\u00e1n\u00ed, v\u010detn\u011b p\u0159\u00edpadn\u00e9ho profilov\u00e1n\u00ed. Tak\u00e9 m\u00e1te pr\u00e1vo z\u00edskat kopii Va\u0161ich osobn\u00edch \u00fadaj\u016f, p\u0159i\u010dem\u017e prvn\u00ed poskytnut\u00ed je bezplatn\u00e9, za dal\u0161\u00ed poskytnut\u00ed pak m\u016f\u017ee zprost\u0159edkovatel po\u017eadovat p\u0159im\u011b\u0159enou \u00fahradu administrativn\u00edch n\u00e1klad\u016f),<\/p>\n<p>pr\u00e1vo na opravu (kdykoliv m\u016f\u017eete po\u017e\u00e1dat o opravu \u010di dopln\u011bn\u00ed Va\u0161ich osobn\u00edch \u00fadaj\u016f, pokud by byly nep\u0159esn\u00e9 \u010di ne\u00fapln\u00e9),<\/p>\n<p>pr\u00e1vo na v\u00fdmaz -\u201epr\u00e1vo b\u00fdt zapomenut\u201c (mus\u00edme vymazat Va\u0161e osobn\u00ed \u00fadaje pokud (1) ji\u017e nejsou pot\u0159ebn\u00e9 pro \u00fa\u010dely, pro kter\u00e9 byly shrom\u00e1\u017ed\u011bny nebo jinak zpracov\u00e1ny, (2) zpracov\u00e1n\u00ed je protipr\u00e1vn\u00ed, (3) vznesete n\u00e1mitky proti zpracov\u00e1n\u00ed a neexistuj\u00ed \u017e\u00e1dn\u00e9 p\u0159eva\u017euj\u00edc\u00ed opr\u00e1vn\u011bn\u00e9 d\u016fvody pro zpracov\u00e1n\u00ed, nebo (4) n\u00e1m to ukl\u00e1d\u00e1 z\u00e1konn\u00e1 povinnost),<\/p>\n<p>pr\u00e1vo na omezen\u00ed zpracov\u00e1n\u00ed \u00fadaj\u016f (dokud nevy\u0159e\u0161\u00edme jak\u00e9koliv sporn\u00e9 ot\u00e1zky ohledn\u011b zpracov\u00e1n\u00ed Va\u0161ich osobn\u00edch \u00fadaj\u016f, mus\u00edme omezit zpracov\u00e1n\u00ed Va\u0161ich osobn\u00edch \u00fadaj\u016f tak, \u017ee tyto m\u016f\u017eeme m\u00edt pouze ulo\u017eeny a p\u0159\u00edpadn\u011b je m\u016f\u017eeme pou\u017e\u00edt z d\u016fvodu ur\u010den\u00ed, v\u00fdkonu nebo obhajoby pr\u00e1vn\u00edch n\u00e1rok\u016f),<\/p>\n<p>pr\u00e1vo vzn\u00e9st n\u00e1mitku proti zpracov\u00e1n\u00ed (m\u016f\u017eete vzn\u00e9st n\u00e1mitku proti zpracov\u00e1n\u00ed Va\u0161ich osobn\u00edch \u00fadaj\u016f, kter\u00e9 zpracov\u00e1v\u00e1me pro \u00fa\u010dely p\u0159\u00edm\u00e9ho marketingu nebo z d\u016fvodu opr\u00e1vn\u011bn\u00e9ho z\u00e1jmu. Pokud vznesete n\u00e1mitku proti zpracov\u00e1n\u00ed pro \u00fa\u010dely p\u0159\u00edm\u00e9ho marketingu, nebudou ji\u017e Va\u0161e osobn\u00ed \u00fadaje pro tyto \u00fa\u010dely zpracov\u00e1v\u00e1ny),<\/p>\n<p>pr\u00e1vo podat st\u00ed\u017enost na zpracov\u00e1n\u00ed osobn\u00edch \u00fadaj\u016f (st\u00ed\u017enost m\u016f\u017eete podat u dozorov\u00e9ho \u00fa\u0159adu, kter\u00fdm je \u00da\u0159ad pro ochranu osobn\u00edch \u00fadaj\u016f (www.uoou.cz)).<\/p>\n<p>V\u0161echna Va\u0161e pr\u00e1va m\u016f\u017eete uplatnit tak, \u017ee n\u00e1s kontaktujete na e-mailov\u00e9 adrese gdpr@triform.cz.<\/p>\n<p>Tyto Z\u00e1sady ochrany osobn\u00edch \u00fadaj\u016f jsou \u00fa\u010dinn\u00e9 od 3.12.2019.<\/p>\n<p>&nbsp;<\/p>\n<p>[\/et_pb_text][et_pb_image src=&#8220;https:\/\/ubytovani-schladming-dachstein.cz\/wp-content\/uploads\/2019\/12\/smile.png&#8220; align=&#8220;center&#8220; _builder_version=&#8220;4.0.2&#8243; width=&#8220;10%&#8220;][\/et_pb_image][\/et_pb_column][\/et_pb_row][\/et_pb_section][et_pb_section fb_built=&#8220;1&#8243; _builder_version=&#8220;4.0.2&#8243; background_color=&#8220;#474747&#8243; custom_padding=&#8220;0px||0px|||&#8220;][et_pb_row column_structure=&#8220;1_4,1_4,1_4,1_4&#8243; _builder_version=&#8220;4.0.2&#8243; min_height=&#8220;179px&#8220; custom_padding=&#8220;49px||42px|||&#8220;][et_pb_column type=&#8220;1_4&#8243; _builder_version=&#8220;4.0.2&#8243;][et_pb_menu menu_id=&#8220;3&#8243; active_link_color=&#8220;#ffffff&#8220; show_search_icon=&#8220;on&#8220; _builder_version=&#8220;4.0.2&#8243; menu_text_color=&#8220;#ffffff&#8220; background_color=&#8220;rgba(0,0,0,0)&#8220; background_layout=&#8220;dark&#8220;][\/et_pb_menu][\/et_pb_column][et_pb_column type=&#8220;1_4&#8243; _builder_version=&#8220;4.0.2&#8243;][et_pb_image src=&#8220;https:\/\/ubytovani-schladming-dachstein.cz\/wp-content\/uploads\/2019\/12\/ubytovani.png&#8220; _builder_version=&#8220;4.0.2&#8243; width=&#8220;16%&#8220; custom_margin=&#8220;||8px||false|false&#8220;][\/et_pb_image][et_pb_text _builder_version=&#8220;4.0.2&#8243; text_font=&#8220;Raleway|500|||||||&#8220; text_text_color=&#8220;#ffffff&#8220;]<\/p>\n<p>Kurztrum 31, Schladming-Dachstein \/ Aich im Ennstal<\/p>\n<p>[\/et_pb_text][\/et_pb_column][et_pb_column type=&#8220;1_4&#8243; _builder_version=&#8220;4.0.2&#8243;][et_pb_image src=&#8220;https:\/\/ubytovani-schladming-dachstein.cz\/wp-content\/uploads\/2019\/12\/phone-1.png&#8220; _builder_version=&#8220;4.0.2&#8243; width=&#8220;16%&#8220; max_width=&#8220;100%&#8220; custom_margin=&#8220;||10px||false|false&#8220;][\/et_pb_image][et_pb_text _builder_version=&#8220;4.0.2&#8243; text_font=&#8220;Raleway|500|||||||&#8220; text_text_color=&#8220;#ffffff&#8220;]<\/p>\n<p>+420 774 853 227<\/p>\n<p>[\/et_pb_text][\/et_pb_column][et_pb_column type=&#8220;1_4&#8243; _builder_version=&#8220;4.0.2&#8243;][et_pb_image src=&#8220;https:\/\/ubytovani-schladming-dachstein.cz\/wp-content\/uploads\/2019\/12\/mail.png&#8220; _builder_version=&#8220;4.0.2&#8243; width=&#8220;15%&#8220; custom_margin=&#8220;||10px||false|false&#8220;][\/et_pb_image][et_pb_text _builder_version=&#8220;4.0.2&#8243; text_font=&#8220;Raleway|500|||||||&#8220; text_text_color=&#8220;#ffffff&#8220;]<\/p>\n<p>info@ubytovani-schladming-dachstein.cz<\/p>\n<p>[\/et_pb_text][\/et_pb_column][\/et_pb_row][\/et_pb_section]<\/p>\n","protected":false},"excerpt":{"rendered":"<p>Na\u0159\u00edzen\u00ed o ochran\u011b osobn\u00edch \u00fadaj\u016f (GDPR)Spoluprac\u00ed s n\u00e1mi, stejn\u011b jako n\u00e1v\u0161t\u011bvou na\u0161ich str\u00e1nek, n\u00e1m v r\u016fzn\u00e9 m\u00ed\u0159e sv\u011b\u0159ujete sv\u00e9 osobn\u00ed \u00fadaje. P\u0159e\u010dt\u011bte si, jak s nimi zach\u00e1z\u00edme. 1. Z\u00e1kladn\u00ed ustanoven\u00ed Spr\u00e1vcem osobn\u00edch \u00fadaj\u016f podle \u010dl. 4 bod 7 na\u0159\u00edzen\u00ed Evropsk\u00e9ho parlamentu a Rady (EU) 2016\/679 o ochran\u011b fyzick\u00fdch osob v souvislosti se zpracov\u00e1n\u00edm osobn\u00edch \u00fadaj\u016f [&hellip;]<\/p>\n","protected":false},"author":2,"featured_media":0,"parent":0,"menu_order":0,"comment_status":"closed","ping_status":"closed","template":"","meta":{"_et_pb_use_builder":"on","_et_pb_old_content":"","_et_gb_content_width":""},"aioseo_notices":[],"_links":{"self":[{"href":"https:\/\/ubytovani-schladming-dachstein.cz\/index.php\/wp-json\/wp\/v2\/pages\/198"}],"collection":[{"href":"https:\/\/ubytovani-schladming-dachstein.cz\/index.php\/wp-json\/wp\/v2\/pages"}],"about":[{"href":"https:\/\/ubytovani-schladming-dachstein.cz\/index.php\/wp-json\/wp\/v2\/types\/page"}],"author":[{"embeddable":true,"href":"https:\/\/ubytovani-schladming-dachstein.cz\/index.php\/wp-json\/wp\/v2\/users\/2"}],"replies":[{"embeddable":true,"href":"https:\/\/ubytovani-schladming-dachstein.cz\/index.php\/wp-json\/wp\/v2\/comments?post=198"}],"version-history":[{"count":15,"href":"https:\/\/ubytovani-schladming-dachstein.cz\/index.php\/wp-json\/wp\/v2\/pages\/198\/revisions"}],"predecessor-version":[{"id":346,"href":"https:\/\/ubytovani-schladming-dachstein.cz\/index.php\/wp-json\/wp\/v2\/pages\/198\/revisions\/346"}],"wp:attachment":[{"href":"https:\/\/ubytovani-schladming-dachstein.cz\/index.php\/wp-json\/wp\/v2\/media?parent=198"}],"curies":[{"name":"wp","href":"https:\/\/api.w.org\/{rel}","templated":true}]}}